{"id":16,"date":"2026-01-24T14:41:57","date_gmt":"2026-01-24T14:41:57","guid":{"rendered":"https:\/\/prcode.fi\/index.php\/silverstorm\/"},"modified":"2026-01-25T08:35:36","modified_gmt":"2026-01-25T08:35:36","slug":"silverstorm","status":"publish","type":"page","link":"https:\/\/prcode.fi\/","title":{"rendered":"Front Page"},"content":{"rendered":"<div data-colibri-id=\"16-c1\" class=\"style-179 style-local-16-c1 position-relative\">\n  <!---->\n  <div data-colibri-component=\"section\" data-colibri-id=\"16-c2\" id=\"overlappable\" class=\"h-section h-section-global-spacing d-flex align-items-lg-center align-items-md-center align-items-center style-185 style-local-16-c2 position-relative\">\n    <!---->\n    <!---->\n    <div class=\"h-section-grid-container h-section-boxed-container\">\n      <!---->\n      <div data-colibri-id=\"16-c3\" class=\"h-row-container gutters-row-lg-2 gutters-row-md-0 gutters-row-2 gutters-row-v-lg-2 gutters-row-v-md-0 gutters-row-v-2 style-186 style-local-16-c3 position-relative\">\n        <!---->\n        <div class=\"h-row justify-content-lg-center justify-content-md-center justify-content-center align-items-lg-stretch align-items-md-stretch align-items-stretch gutters-col-lg-2 gutters-col-md-0 gutters-col-2 gutters-col-v-lg-2 gutters-col-v-md-0 gutters-col-v-2\">\n          <!---->\n          <div class=\"h-column h-column-container d-flex h-col-lg-4 h-col-md-4 h-col-12 style-187-outer style-local-16-c4-outer\">\n            <div data-colibri-id=\"16-c4\" class=\"d-flex h-flex-basis h-column__inner h-px-lg-2 h-px-md-3 h-px-2 v-inner-lg-0 v-inner-md-3 v-inner-2 style-187 style-local-16-c4 position-relative\">\n              <!---->\n              <!---->\n              <div class=\"w-100 h-y-container h-column__content h-column__v-align flex-basis-100 align-self-lg-start align-self-md-start align-self-start\">\n                <!---->\n                <div data-colibri-id=\"16-c5\" class=\"h-icon style-188 style-local-16-c5 position-relative h-element\">\n                  <!----><span class=\"h-svg-icon h-icon__icon style-188-icon style-local-16-c5-icon\"><!--Icon by Icons8 Line Awesome (https:\/\/icons8.com\/line-awesome)--><svg version=\"1.1\" xmlns=\"http:\/\/www.w3.org\/2000\/svg\" xmlns:xlink=\"http:\/\/www.w3.org\/1999\/xlink\" id=\"clone\" viewBox=\"0 0 512 545.5\"><path d=\"M80 112h272v64h-32v-32H112v208h32v32H80V112zm80 80h272v272H160V192zm32 32v208h208V224H192z\"><\/path><\/svg><\/span><\/div>\n                <div\n                  data-colibri-id=\"16-c6\" class=\"h-global-transition-all h-heading style-189 style-local-16-c6 position-relative h-element\">\n                  <!---->\n                  <div class=\"h-heading__outer style-189 style-local-16-c6\">\n                    <!---->\n                    <!---->\n                    <h5 class=\"\">miksi PRcode?<\/h5>\n                  <\/div>\n              <\/div>\n              <div data-colibri-id=\"16-c7\" class=\"h-text h-text-component style-190 style-local-16-c7 position-relative h-element\">\n                <!---->\n                <!---->\n                <div class=\"\">\n                  <ul>\n                    <li>R\u00e4\u00e4t\u00e4l\u00f6idyt ratkaisut ilman turhaa monimutkaisuutta<\/li>\n                    <li>Tekniikkaa ihmisten kielell\u00e4<\/li>\n                    <li>Luotettava ja joustava yhteisty\u00f6<\/li>\n                    <li>Ratkaisut, jotka oikeasti toimivat<\/li>\n                  <\/ul>\n                  <p>\n                    <br>\n                  <\/p>\n                <\/div>\n              <\/div>\n            <\/div>\n          <\/div>\n        <\/div>\n        <div class=\"h-column h-column-container d-flex h-col-lg-4 h-col-md-4 h-col-12 style-187-outer style-local-16-c8-outer\">\n          <div data-colibri-id=\"16-c8\" class=\"d-flex h-flex-basis h-column__inner h-px-lg-2 h-px-md-3 h-px-2 v-inner-lg-0 v-inner-md-3 v-inner-2 style-187 style-local-16-c8 position-relative\">\n            <!---->\n            <!---->\n            <div class=\"w-100 h-y-container h-column__content h-column__v-align flex-basis-100 align-self-lg-start align-self-md-start align-self-start\">\n              <!---->\n              <div data-colibri-id=\"16-c9\" class=\"h-icon style-188 style-local-16-c9 position-relative h-element\">\n                <!----><span class=\"h-svg-icon h-icon__icon style-188-icon style-local-16-c9-icon\"><!--Icon by Icons8 Line Awesome (https:\/\/icons8.com\/line-awesome)--><svg version=\"1.1\" xmlns=\"http:\/\/www.w3.org\/2000\/svg\" xmlns:xlink=\"http:\/\/www.w3.org\/1999\/xlink\" id=\"gears\" viewBox=\"0 0 512 545.5\"><path d=\"M344 72h32v22.5c13.256 2.334 25.375 7.58 36 15l15-15 22.5 22.5-15 15c7.42 10.625 12.666 22.744 15 36H472v32h-22.5c-2.357 13.388-7.46 25.802-15 36.5L450 253l-23.5 22-15-16c-10.494 7.212-22.48 12.208-35.5 14.5V296h-32v-22.5c-13.256-2.334-25.375-7.58-36-15l-16.5 17-23-23 17-16.5c-7.42-10.625-12.666-22.744-15-36H248v-32h22.5c2.292-13.02 7.288-25.006 14.5-35.5l-16-15L291 94l16.5 15.5c10.698-7.54 23.112-12.643 36.5-15V72zm16 53c-32.885 0-59 26.115-59 59s26.115 59 59 59 59-26.115 59-59-26.115-59-59-59zm-207.5 94.5l11.5 29c8.477-2.118 17.388-3.5 26.5-3.5 9.13 0 18.015 1.362 26.5 3.5l11.5-29 29.5 12-11.5 29c15.108 9.133 27.874 21.944 37 37l29-11.5 12 29.5-29 11.5c2.118 8.458 3.5 17.388 3.5 26.5s-1.382 18.023-3.5 26.5l29 11.5-12 29.5-29-11.5c-9.107 15.23-21.88 28.264-37 37.5l11.5 28.5-29.5 12L217 459c-8.458 2.138-17.388 3.5-26.5 3.5-9.166 0-17.972-1.345-26.5-3.5l-11.5 28.5-29.5-12 11.5-28.5c-15.37-9.23-28.246-22.145-37.5-37.5L68.5 421l-12-29.5L85 380c-2.138-8.477-3.5-17.388-3.5-26.5s1.362-18.042 3.5-26.5l-28.5-11.5 12-29.5L97 297.5c9.236-15.12 22.27-27.893 37.5-37l-11.5-29zm38 57.5c-42.605 0-77 33.895-77 76.5s34.395 77 77 77 76.5-34.395 76.5-77-33.895-76.5-76.5-76.5z\"><\/path><\/svg><\/span><\/div>\n              <div\n                data-colibri-id=\"16-c10\" class=\"h-global-transition-all h-heading style-189 style-local-16-c10 position-relative h-element\">\n                <!---->\n                <div class=\"h-heading__outer style-189 style-local-16-c10\">\n                  <!---->\n                  <!---->\n                  <h5 class=\"\">Miten ty\u00f6skentelemme?<\/h5>\n                <\/div>\n            <\/div>\n            <div data-colibri-id=\"16-c11\" class=\"h-text h-text-component style-190 style-local-16-c11 position-relative h-element\">\n              <!---->\n              <!---->\n              <div class=\"\">\n                <ol>\n                  <li>Kartoitamme tarpeesi<\/li>\n                  <li>Suunnittelemme selke\u00e4n ratkaisun<\/li>\n                  <li>Toteutamme laadukkaasti<\/li>\n                  <li>Tarjoamme tukea my\u00f6s projektin j\u00e4lkeen<\/li>\n                <\/ol>\n                <p>.<\/p>\n              <\/div>\n            <\/div>\n          <\/div>\n        <\/div>\n      <\/div>\n      <div class=\"h-column h-column-container d-flex h-col-lg-4 h-col-md-4 h-col-12 style-187-outer style-local-16-c12-outer\">\n        <div data-colibri-id=\"16-c12\" class=\"d-flex h-flex-basis h-column__inner h-px-lg-2 h-px-md-3 h-px-2 v-inner-lg-0 v-inner-md-3 v-inner-2 style-187 style-local-16-c12 position-relative\">\n          <!---->\n          <!---->\n          <div class=\"w-100 h-y-container h-column__content h-column__v-align flex-basis-100 align-self-lg-start align-self-md-start align-self-start\">\n            <!---->\n            <div data-colibri-id=\"16-c13\" class=\"h-icon style-188 style-local-16-c13 position-relative h-element\">\n              <!----><span class=\"h-svg-icon h-icon__icon style-188-icon style-local-16-c13-icon\"><!--Icon by Icons8 Line Awesome (https:\/\/icons8.com\/line-awesome)--><svg version=\"1.1\" xmlns=\"http:\/\/www.w3.org\/2000\/svg\" xmlns:xlink=\"http:\/\/www.w3.org\/1999\/xlink\" id=\"magic\" viewBox=\"0 0 512 545.5\"><path d=\"M334 73l11.5 11.5 29 29h56v56l29 29L471 210l-12 11-28.5 27v57.5h-56l-29 27.5-11.5 11-11-11-24-24-187 186.5-11 11.5-11.5-11.5-41-41-11.5-11L48.5 432 235 245l-24-24-11-11 11-11.5 27.5-29v-56H296L323 85zm.5 46L314 140.5l-4.5 5h-39v37L266 187l-21.5 22.5L258 223l61-61.5 11.5-11 11 11 41 41L394 214l-11.5 11.5-61 61 13 13L357 278l4.5-4.5h37v-39l5-4.5 21.5-20.5-22-22-4.5-5v-37h-37l-5-4.5zm-4 76.5l-248 248L101 462l247.5-248zM304 368h32v16h16v32h-16v16h-32v-16h-16v-32h16v-16zm96 32h32v32h32v32h-32v32h-32v-32h-32v-32h32v-32z\"><\/path><\/svg><\/span><\/div>\n            <div\n              data-colibri-id=\"16-c14\" class=\"h-global-transition-all h-heading style-189 style-local-16-c14 position-relative h-element\">\n              <!---->\n              <div class=\"h-heading__outer style-189 style-local-16-c14\">\n                <!---->\n                <!---->\n                <h5 class=\"\">Ota yhteytt\u00e4<\/h5>\n              <\/div>\n          <\/div>\n          <div data-colibri-id=\"16-c15\" class=\"h-text h-text-component style-190 style-local-16-c15 position-relative h-element\">\n            <!---->\n            <!---->\n            <div class=\"\">\n              <p>Onko sinulla projekti mieless\u00e4 tai tarvitsetko apua tekniikan kanssa?\n                <br> Ota rohkeasti yhteytt\u00e4 \u2013 autamme mielell\u00e4mme.<\/p>\n              <p>\n                <img decoding=\"async\" draggable=\"false\" role=\"img\" class=\"emoji\" alt=\"\ud83d\udce7\" src=\"https:\/\/s.w.org\/images\/core\/emoji\/17.0.2\/svg\/1f4e7.svg\">&nbsp;myynti@prcode.fi <\/p>\n              <p>\n                <img decoding=\"async\" draggable=\"false\" role=\"img\" class=\"emoji\" alt=\"\ud83d\udcde\" src=\"https:\/\/s.w.org\/images\/core\/emoji\/17.0.2\/svg\/1f4de.svg\"> +358 40 7060 771<\/p>\n            <\/div>\n          <\/div>\n        <\/div>\n      <\/div>\n    <\/div>\n  <\/div>\n<\/div>\n<\/div>\n<\/div>\n<\/div>","protected":false},"excerpt":{"rendered":"<p>miksi PRcode? R\u00e4\u00e4t\u00e4l\u00f6idyt ratkaisut ilman turhaa monimutkaisuutta Tekniikkaa ihmisten kielell\u00e4 Luotettava ja joustava [&hellip;]<\/p>\n","protected":false},"author":1,"featured_media":0,"parent":0,"menu_order":0,"comment_status":"closed","ping_status":"closed","template":"page-templates\/homepage.php","meta":{"footnotes":""},"class_list":["post-16","page","type-page","status-publish","hentry"],"_links":{"self":[{"href":"https:\/\/prcode.fi\/index.php\/wp-json\/wp\/v2\/pages\/16","targetHints":{"allow":["GET"]}}],"collection":[{"href":"https:\/\/prcode.fi\/index.php\/wp-json\/wp\/v2\/pages"}],"about":[{"href":"https:\/\/prcode.fi\/index.php\/wp-json\/wp\/v2\/types\/page"}],"author":[{"embeddable":true,"href":"https:\/\/prcode.fi\/index.php\/wp-json\/wp\/v2\/users\/1"}],"replies":[{"embeddable":true,"href":"https:\/\/prcode.fi\/index.php\/wp-json\/wp\/v2\/comments?post=16"}],"version-history":[{"count":11,"href":"https:\/\/prcode.fi\/index.php\/wp-json\/wp\/v2\/pages\/16\/revisions"}],"predecessor-version":[{"id":178,"href":"https:\/\/prcode.fi\/index.php\/wp-json\/wp\/v2\/pages\/16\/revisions\/178"}],"wp:attachment":[{"href":"https:\/\/prcode.fi\/index.php\/wp-json\/wp\/v2\/media?parent=16"}],"curies":[{"name":"wp","href":"https:\/\/api.w.org\/{rel}","templated":true}]}}